{"id":2136,"date":"2022-04-15T12:19:02","date_gmt":"2022-04-15T10:19:02","guid":{"rendered":"https:\/\/staging.pt\/bluezone\/cookies-policy\/"},"modified":"2022-05-06T14:22:21","modified_gmt":"2022-05-06T12:22:21","slug":"cookies-policy","status":"publish","type":"page","link":"https:\/\/bluezone.co.mz\/en\/cookies-policy\/","title":{"rendered":"Cookies Policy"},"content":{"rendered":"\t\t<div data-elementor-type=\"wp-page\" data-elementor-id=\"2136\" class=\"elementor elementor-2136 elementor-1342\" data-elementor-post-type=\"page\">\n\t\t\t\t\t\t<section data-particle_enable=\"false\" data-particle-mobile-disabled=\"false\" class=\"elementor-section elementor-top-section elementor-element elementor-element-6f17f39 elementor-section-height-min-height elementor-section-boxed elementor-section-height-default elementor-section-items-middle\" data-id=\"6f17f39\" data-element_type=\"section\" data-e-type=\"section\" data-settings=\"{&quot;background_background&quot;:&quot;classic&quot;}\">\n\t\t\t\t\t\t<div class=\"elementor-container elementor-column-gap-default\">\n\t\t\t\t\t<div class=\"elementor-column elementor-col-100 elementor-top-column elementor-element elementor-element-6bd2a5f\" data-id=\"6bd2a5f\" data-element_type=\"column\" data-e-type=\"column\">\n\t\t\t<div class=\"elementor-widget-wrap elementor-element-populated\">\n\t\t\t\t\t\t<section data-particle_enable=\"false\" data-particle-mobile-disabled=\"false\" class=\"elementor-section elementor-inner-section elementor-element elementor-element-9a9a733 elementor-section-full_width elementor-section-height-default elementor-section-height-default\" data-id=\"9a9a733\" data-element_type=\"section\" data-e-type=\"section\">\n\t\t\t\t\t\t<div class=\"elementor-container elementor-column-gap-default\">\n\t\t\t\t\t<div class=\"elementor-column elementor-col-100 elementor-inner-column elementor-element elementor-element-ccdb5c7\" data-id=\"ccdb5c7\" data-element_type=\"column\" data-e-type=\"column\">\n\t\t\t<div class=\"elementor-widget-wrap elementor-element-populated\">\n\t\t\t\t\t\t\t<\/div>\n\t\t<\/div>\n\t\t\t\t\t<\/div>\n\t\t<\/section>\n\t\t\t\t\t<\/div>\n\t\t<\/div>\n\t\t\t\t\t<\/div>\n\t\t<\/section>\n\t\t\t\t<section data-particle_enable=\"false\" data-particle-mobile-disabled=\"false\" class=\"elementor-section elementor-top-section elementor-element elementor-element-594c5d57 elementor-section-boxed elementor-section-height-default elementor-section-height-default\" data-id=\"594c5d57\" data-element_type=\"section\" data-e-type=\"section\">\n\t\t\t\t\t\t<div class=\"elementor-container elementor-column-gap-default\">\n\t\t\t\t\t<div class=\"elementor-column elementor-col-100 elementor-top-column elementor-element elementor-element-45f4652\" data-id=\"45f4652\" data-element_type=\"column\" data-e-type=\"column\">\n\t\t\t<div class=\"elementor-widget-wrap elementor-element-populated\">\n\t\t\t\t\t\t<div class=\"elementor-element elementor-element-4ec14b7 elementor-widget elementor-widget-heading\" data-id=\"4ec14b7\" data-element_type=\"widget\" data-e-type=\"widget\" data-widget_type=\"heading.default\">\n\t\t\t\t<div class=\"elementor-widget-container\">\n\t\t\t\t\t<h5 class=\"elementor-heading-title elementor-size-default\">Introdu\u00e7\u00e3o<\/h5>\t\t\t\t<\/div>\n\t\t\t\t<\/div>\n\t\t\t\t<div class=\"elementor-element elementor-element-54462048 elementor-widget elementor-widget-text-editor\" data-id=\"54462048\" data-element_type=\"widget\" data-e-type=\"widget\" data-widget_type=\"text-editor.default\">\n\t\t\t\t<div class=\"elementor-widget-container\">\n\t\t\t\t\t\t\t\t\t<p>A presente Pol\u00edtica de Cookies \u00e9 parte integrante da Pol\u00edtica de Privacidade da Blue Zone (adiante designada por www.bluezone.co.mz) e procura explicar como o utilizador poder\u00e1 gerir as suas defini\u00e7\u00f5es de cookies, e dar informa\u00e7\u00f5es detalhadas sobre os cookies que www.bluezone.co.mz utiliza, assim como as finalidades da sua utiliza\u00e7\u00e3o. Os cookies armazenados no nosso website n\u00e3o identificam o utilizador, mas apenas o computador utilizado e permitem melhorar a sua experi\u00eancia de navega\u00e7\u00e3o e utiliza\u00e7\u00e3o e partilhar com os nossos parceiros tecnol\u00f3gicos, dados agregados que nos permitam melhorar, de forma cont\u00ednua e integrada, o nosso website e a sua experi\u00eancia de navega\u00e7\u00e3o. Para quaisquer quest\u00f5es sobre a Pol\u00edtica de Cookies deste website, o visitante poder\u00e1 contactar-nos atrav\u00e9s do e-mail info@bluezone.co.mz<\/p>\t\t\t\t\t\t\t\t<\/div>\n\t\t\t\t<\/div>\n\t\t\t\t<div class=\"elementor-element elementor-element-e43a380 elementor-widget elementor-widget-heading\" data-id=\"e43a380\" data-element_type=\"widget\" data-e-type=\"widget\" data-widget_type=\"heading.default\">\n\t\t\t\t<div class=\"elementor-widget-container\">\n\t\t\t\t\t<h5 class=\"elementor-heading-title elementor-size-default\">O que s\u00e3o Cookies?<\/h5>\t\t\t\t<\/div>\n\t\t\t\t<\/div>\n\t\t\t\t<div class=\"elementor-element elementor-element-f57b9ba elementor-widget elementor-widget-text-editor\" data-id=\"f57b9ba\" data-element_type=\"widget\" data-e-type=\"widget\" data-widget_type=\"text-editor.default\">\n\t\t\t\t<div class=\"elementor-widget-container\">\n\t\t\t\t\t\t\t\t\t<p>Os Cookies s\u00e3o ficheiros digitais com pequenos fragmentos de informa\u00e7\u00e3o (e geralmente com um identificador \u00fanico), que s\u00e3o descarregados e armazenados no dispositivo do visitante de um dado website. Podem ser tempor\u00e1rios (sendo automaticamente apagados quando o browser \u00e9 fechado) ou persistentes (at\u00e9 uma data de expira\u00e7\u00e3o definida), bem como originais (definidos pela entidade que opera o website) ou da responsabilidade de terceiros. Os Cookies podem ser categorizados face ao prop\u00f3sito que servem. Existem Cookies que s\u00e3o estritamente necess\u00e1rios ao funcionamento do website, enquanto que outros recolhem informa\u00e7\u00e3o estat\u00edstica com o intuito de analisar a utiliza\u00e7\u00e3o do website e o respectivo desempenho. H\u00e1 Cookies que s\u00e3o utilizados para assegurar a disponibiliza\u00e7\u00e3o de funcionalidades adicionais ao website ou para guardar as prefer\u00eancias do visitante relativamente \u00e0 navega\u00e7\u00e3o no mesmo, sempre que utilizar o mesmo dispositivo. Outros cookies podem ainda servir para medir o sucesso de aplica\u00e7\u00f5es e a efic\u00e1cia da publicidade de terceiros.<\/p>\n<p>Sugerimos que consulte regularmente a presente Pol\u00edtica de Cookies, para estar a par de eventuais altera\u00e7\u00f5es.<\/p>\n<p>Para mais informa\u00e7\u00f5es sobre Cookies, poder\u00e1 consultar duas plataformas que disponibilizam informa\u00e7\u00e3o mais detalhada e que n\u00e3o possuem qualquer tipo de rela\u00e7\u00e3o comercial ou jur\u00eddica com www.bluezone.co.mz. <a href=\"https:\/\/pt.wikipedia.org\/wiki\/Cookie_(inform%C3%A1tica)\">Clique aqui<\/a>.<\/p>\t\t\t\t\t\t\t\t<\/div>\n\t\t\t\t<\/div>\n\t\t\t\t<div class=\"elementor-element elementor-element-095ba79 elementor-widget elementor-widget-heading\" data-id=\"095ba79\" data-element_type=\"widget\" data-e-type=\"widget\" data-widget_type=\"heading.default\">\n\t\t\t\t<div class=\"elementor-widget-container\">\n\t\t\t\t\t<h5 class=\"elementor-heading-title elementor-size-default\">Porqu\u00ea utilizar Cookies?<\/h5>\t\t\t\t<\/div>\n\t\t\t\t<\/div>\n\t\t\t\t<div class=\"elementor-element elementor-element-effa574 elementor-widget elementor-widget-text-editor\" data-id=\"effa574\" data-element_type=\"widget\" data-e-type=\"widget\" data-widget_type=\"text-editor.default\">\n\t\t\t\t<div class=\"elementor-widget-container\">\n\t\t\t\t\t\t\t\t\t<p>A utiliza\u00e7\u00e3o de Cookies \u00e9 algo de praticamente universal a todos os websites, n\u00e3o prejudicando de forma alguma os dispositivos (computadores, tablets, telem\u00f3veis, etc.) em que s\u00e3o armazenados e permitindo uma melhor experi\u00eancia de utiliza\u00e7\u00e3o das pr\u00f3prias plataformas, tanto em termos de performance, como em termos de navega\u00e7\u00e3o, uma vez que os conte\u00fados disponibilizados ser\u00e3o mais orientados \u00e0s reais necessidades e expectativas dos utilizadores. Os Cookies permitem, assim, que o website memorize informa\u00e7\u00f5es sobre a visita do utilizador, assim como o seu idioma preferido, a sua localiza\u00e7\u00e3o, a recorr\u00eancia das suas sess\u00f5es e outras vari\u00e1veis que consideramos como relevantes para tornar a sua experi\u00eancia de pesquisa de servi\u00e7os muito mais confort\u00e1vel e eficiente.<\/p>\t\t\t\t\t\t\t\t<\/div>\n\t\t\t\t<\/div>\n\t\t\t\t<div class=\"elementor-element elementor-element-475ac4c elementor-widget elementor-widget-heading\" data-id=\"475ac4c\" data-element_type=\"widget\" data-e-type=\"widget\" data-widget_type=\"heading.default\">\n\t\t\t\t<div class=\"elementor-widget-container\">\n\t\t\t\t\t<h5 class=\"elementor-heading-title elementor-size-default\">Cookies utilizados e as respectivas finalidades<\/h5>\t\t\t\t<\/div>\n\t\t\t\t<\/div>\n\t\t\t\t<div class=\"elementor-element elementor-element-9fa2510 elementor-widget elementor-widget-text-editor\" data-id=\"9fa2510\" data-element_type=\"widget\" data-e-type=\"widget\" data-widget_type=\"text-editor.default\">\n\t\t\t\t<div class=\"elementor-widget-container\">\n\t\t\t\t\t\t\t\t\t<p>O website www.bluezone.co.mz detalha, de seguida, a informa\u00e7\u00e3o relativa aos Cookies utilizados no website, bem como as finalidades de tratamento dos dados que os justificam. Este website ou os emails enviados atrav\u00e9s dele poder\u00e3o conter links para outros websites ou aplica\u00e7\u00f5es, incluindo os que sejam da responsabilidade de v\u00e1rios parceiros. Caso o utilizador aceda a um desses links ou aplica\u00e7\u00f5es, deve ter em considera\u00e7\u00e3o que as respetivas Pol\u00edticas de Cookies s\u00e3o da exclusiva responsabilidade das entidades que as gerem. Por este motivo, o utilizador dever\u00e1 ler as Pol\u00edticas de Cookies de outras plataformas ou aplica\u00e7\u00f5es antes de as utilizar.<\/p>\n<p>Cookies de sess\u00e3o: s\u00e3o cookies tempor\u00e1rias que permanecem em arquivo de cookies do navegador at\u00e9 que este abandone a p\u00e1gina web, pelo que n\u00e3o fica qualquer registo no disco r\u00edgido do utilizador. A Informa\u00e7\u00e3o recolhida por estes cookies serve para analisar padr\u00f5es de tr\u00e1fego do site. Em \u00faltima an\u00e1lise, isso permite-nos melhorar o conte\u00fado e melhorar a usabilidade do site.<\/p>\n<p>Cookies de an\u00e1lise: S\u00e3o aqueles que s\u00e3o tratados por n\u00f3s ou por terceiros e permitem-nos quantificar o n\u00famero de utilizadores e realizar a medi\u00e7\u00e3o e an\u00e1lise estat\u00edstica de como os utilizadores usam o servi\u00e7o oferecido. Examinamos a navega\u00e7\u00e3o no nosso site, com o objectivo de melhorar o fornecimento de produtos ou servi\u00e7os que lhe disponibilizamos.<\/p>\n<p>Cookies publicit\u00e1rios: S\u00e3o aqueles que s\u00e3o tratadas por n\u00f3s ou por terceiros, nos permitem gerir de uma forma mais eficaz a oferta de espa\u00e7os publicit\u00e1rios que existem no site, podendo analisar os seus h\u00e1bitos de navega\u00e7\u00e3o e mostrar-lhe publicidade relacionada com o seu perfil de navega\u00e7\u00e3o.<\/p>\n<p>Utilizamos os seguintes cookies de terceiros: <a href=\"https:\/\/developers.google.com\/analytics\/devguides\/collection\/analyticsjs\/cookie-usage\">Google Analytics<\/a>, aplica\u00e7\u00e3o da Google que permite armazenar dados da navega\u00e7\u00e3o, por parte dos utilizadores do website da Blue Zone.<\/p>\t\t\t\t\t\t\t\t<\/div>\n\t\t\t\t<\/div>\n\t\t\t\t<div class=\"elementor-element elementor-element-73abd18 elementor-widget elementor-widget-heading\" data-id=\"73abd18\" data-element_type=\"widget\" data-e-type=\"widget\" data-widget_type=\"heading.default\">\n\t\t\t\t<div class=\"elementor-widget-container\">\n\t\t\t\t\t<h5 class=\"elementor-heading-title elementor-size-default\">Todos os cookies ficam armazenados para sempre?\n\n<\/h5>\t\t\t\t<\/div>\n\t\t\t\t<\/div>\n\t\t\t\t<div class=\"elementor-element elementor-element-f2fb012 elementor-widget elementor-widget-text-editor\" data-id=\"f2fb012\" data-element_type=\"widget\" data-e-type=\"widget\" data-widget_type=\"text-editor.default\">\n\t\t\t\t<div class=\"elementor-widget-container\">\n\t\t\t\t\t\t\t\t\t<p><span style=\"color: var( --e-global-color-649aab5 ); font-family: var( --e-global-typography-text-font-family ), Sans-serif;\">N\u00e3o, h\u00e1 cookies permanentes e cookies de sess\u00e3o: <\/span><\/p>\n<p>Cookies Permanentes: Ficam armazenados ao n\u00edvel do navegador de internet, nos dispositivos de acesso do utilizador (computador, tablet e mobile), e s\u00e3o utilizados sempre que o utilizador faz uma nova visita. Geralmente, s\u00e3o utilizados para direccionar a navega\u00e7\u00e3o para responder aos interesses do utilizador, permitindo a Blue Zone prestar um servi\u00e7o mais personalizado.<\/p>\n<p>Cookies de Sess\u00e3o: S\u00e3o tempor\u00e1rios, permanecem nos cookies do seu navegador at\u00e9 sair dos websites. A informa\u00e7\u00e3o obtida permite identificar problemas e encontrar solu\u00e7\u00f5es para oferecer uma melhor experi\u00eancia de navega\u00e7\u00e3o.<\/p>\t\t\t\t\t\t\t\t<\/div>\n\t\t\t\t<\/div>\n\t\t\t\t<div class=\"elementor-element elementor-element-711eb55 elementor-widget elementor-widget-heading\" data-id=\"711eb55\" data-element_type=\"widget\" data-e-type=\"widget\" data-widget_type=\"heading.default\">\n\t\t\t\t<div class=\"elementor-widget-container\">\n\t\t\t\t\t<h5 class=\"elementor-heading-title elementor-size-default\">Devo aceitar a utiliza\u00e7\u00e3o de Cookies?<\/h5>\t\t\t\t<\/div>\n\t\t\t\t<\/div>\n\t\t\t\t<div class=\"elementor-element elementor-element-39d7b63 elementor-widget elementor-widget-text-editor\" data-id=\"39d7b63\" data-element_type=\"widget\" data-e-type=\"widget\" data-widget_type=\"text-editor.default\">\n\t\t\t\t<div class=\"elementor-widget-container\">\n\t\t\t\t\t\t\t\t\t<p>No cumprimento da actual legisla\u00e7\u00e3o em vigor, com excep\u00e7\u00e3o dos cookies estritamente necess\u00e1rios e dos cookies de desempenho, este website apenas poder\u00e1 recorrer \u00e0 utiliza\u00e7\u00e3o de Cookies mediante o consentimento pr\u00e9vio e expresso do visitante. Se preferir n\u00e3o permitir cookies tem a possibilidade de desactivar os cookies no navegador de internet (browser) que utiliza, mas dever\u00e1 ter em conta que poder\u00e1 impedir que algumas p\u00e1ginas web sejam apresentadas correctamente.<\/p>\t\t\t\t\t\t\t\t<\/div>\n\t\t\t\t<\/div>\n\t\t\t\t<div class=\"elementor-element elementor-element-4f6a280 elementor-widget elementor-widget-heading\" data-id=\"4f6a280\" data-element_type=\"widget\" data-e-type=\"widget\" data-widget_type=\"heading.default\">\n\t\t\t\t<div class=\"elementor-widget-container\">\n\t\t\t\t\t<h5 class=\"elementor-heading-title elementor-size-default\">Gest\u00e3o de Cookies<\/h5>\t\t\t\t<\/div>\n\t\t\t\t<\/div>\n\t\t\t\t<div class=\"elementor-element elementor-element-043a89d elementor-widget elementor-widget-text-editor\" data-id=\"043a89d\" data-element_type=\"widget\" data-e-type=\"widget\" data-widget_type=\"text-editor.default\">\n\t\t\t\t<div class=\"elementor-widget-container\">\n\t\t\t\t\t\t\t\t\t<p>Ao utilizar um website da Blue Zone, est\u00e1 a consentir a utiliza\u00e7\u00e3o dos cookies em conformidade com a presente Pol\u00edtica. Alternativamente, a maioria dos navegadores permite controlo sobre os Cookies armazenados nos dispositivos do visitante, bem como a sua elimina\u00e7\u00e3o imediata, caso o utilizador pretenda deixar de permitir o armazenamento local de Cookies.<\/p>\n<p>Os utilizadores podem sempre configurar os dispositivos e os browsers que utilizam para aceitarem todos ou alguns Cookies, para os notificarem sempre que um cookie \u00e9 emitido, ou para nunca receberem Cookies. Para que o visitante possa, de forma simples e intuitiva, gerir os seus Cookies a partir do seu browser, deve fazer os seguintes passos, dependendo do navegador de internet que utiliza Saiba como, de acordo com o seu navegador: <a href=\"https:\/\/support.google.com\/chrome\/answer\/95647?co=GENIE.Platform%3DDesktop&amp;hl=pt\">Chrome<\/a>, <a href=\"https:\/\/support.mozilla.org\/pt-BR\/kb\/limpe-cookies-e-dados-de-sites-no-firefox\">Firefox<\/a>, <a href=\"https:\/\/support.apple.com\/pt-pt\/guide\/safari\/sfri11471\/mac\">Safari<\/a>, <a href=\"https:\/\/support.microsoft.com\/pt-pt\/help\/4027947\/windows-delete-cookies\">Edge<\/a>.<\/p>\t\t\t\t\t\t\t\t<\/div>\n\t\t\t\t<\/div>\n\t\t\t\t<div class=\"elementor-element elementor-element-a3f9aca elementor-widget elementor-widget-heading\" data-id=\"a3f9aca\" data-element_type=\"widget\" data-e-type=\"widget\" data-widget_type=\"heading.default\">\n\t\t\t\t<div class=\"elementor-widget-container\">\n\t\t\t\t\t<h5 class=\"elementor-heading-title elementor-size-default\">Altera\u00e7\u00f5es \u00e0 Pol\u00edtica de Cookies:\n<\/h5>\t\t\t\t<\/div>\n\t\t\t\t<\/div>\n\t\t\t\t<div class=\"elementor-element elementor-element-025d9f6 elementor-widget elementor-widget-text-editor\" data-id=\"025d9f6\" data-element_type=\"widget\" data-e-type=\"widget\" data-widget_type=\"text-editor.default\">\n\t\t\t\t<div class=\"elementor-widget-container\">\n\t\t\t\t\t\t\t\t\t<h6><span style=\"color: var( --e-global-color-649aab5 ); font-family: var( --e-global-typography-text-font-family ), Sans-serif; font-size: 18px;\">A Blue Zone reserva-se o direito de, a qualquer momento, proceder a modifica\u00e7\u00f5es ou actualiza\u00e7\u00f5es \u00e0 presente Pol\u00edtica de Cookies, sendo essas altera\u00e7\u00f5es devidamente actualizadas nas nossas plataformas. Sugerimos que as consulte regularmente para estar a par de eventuais altera\u00e7\u00f5es.<\/span><br><\/h6>\n<p><\/p>\t\t\t\t\t\t\t\t<\/div>\n\t\t\t\t<\/div>\n\t\t\t\t\t<\/div>\n\t\t<\/div>\n\t\t\t\t\t<\/div>\n\t\t<\/section>\n\t\t\t\t<\/div>\n\t\t","protected":false},"excerpt":{"rendered":"<p>Introdu\u00e7\u00e3o A presente Pol\u00edtica de Cookies \u00e9 parte integrante da Pol\u00edtica de Privacidade da Blue Zone (adiante designada por www.bluezone.co.mz) e procura explicar como o utilizador poder\u00e1 gerir as suas defini\u00e7\u00f5es de cookies, e dar informa\u00e7\u00f5es detalhadas sobre os cookies que www.bluezone.co.mz utiliza, assim como as finalidades da sua utiliza\u00e7\u00e3o. Os cookies armazenados no nosso [&hellip;]<\/p>\n","protected":false},"author":2,"featured_media":905,"parent":0,"menu_order":0,"comment_status":"closed","ping_status":"closed","template":"elementor_header_footer","meta":{"footnotes":""},"class_list":["post-2136","page","type-page","status-publish","has-post-thumbnail","hentry"],"_links":{"self":[{"href":"https:\/\/bluezone.co.mz\/en\/wp-json\/wp\/v2\/pages\/2136","targetHints":{"allow":["GET"]}}],"collection":[{"href":"https:\/\/bluezone.co.mz\/en\/wp-json\/wp\/v2\/pages"}],"about":[{"href":"https:\/\/bluezone.co.mz\/en\/wp-json\/wp\/v2\/types\/page"}],"author":[{"embeddable":true,"href":"https:\/\/bluezone.co.mz\/en\/wp-json\/wp\/v2\/users\/2"}],"replies":[{"embeddable":true,"href":"https:\/\/bluezone.co.mz\/en\/wp-json\/wp\/v2\/comments?post=2136"}],"version-history":[{"count":1,"href":"https:\/\/bluezone.co.mz\/en\/wp-json\/wp\/v2\/pages\/2136\/revisions"}],"predecessor-version":[{"id":2137,"href":"https:\/\/bluezone.co.mz\/en\/wp-json\/wp\/v2\/pages\/2136\/revisions\/2137"}],"wp:featuredmedia":[{"embeddable":true,"href":"https:\/\/bluezone.co.mz\/en\/wp-json\/wp\/v2\/media\/905"}],"wp:attachment":[{"href":"https:\/\/bluezone.co.mz\/en\/wp-json\/wp\/v2\/media?parent=2136"}],"curies":[{"name":"wp","href":"https:\/\/api.w.org\/{rel}","templated":true}]}}