{"id":2138,"date":"2020-06-11T00:00:10","date_gmt":"2020-06-10T22:00:10","guid":{"rendered":"https:\/\/staging.pt\/bluezone\/privacy-policy\/"},"modified":"2022-05-06T14:23:05","modified_gmt":"2022-05-06T12:23:05","slug":"privacy-policy","status":"publish","type":"page","link":"https:\/\/bluezone.co.mz\/en\/privacy-policy\/","title":{"rendered":"Privacy Policy"},"content":{"rendered":"\t\t<div data-elementor-type=\"wp-page\" data-elementor-id=\"2138\" class=\"elementor elementor-2138 elementor-231\" data-elementor-post-type=\"page\">\n\t\t\t\t\t\t<section data-particle_enable=\"false\" data-particle-mobile-disabled=\"false\" class=\"elementor-section elementor-top-section elementor-element elementor-element-90218d0 elementor-section-height-min-height elementor-section-boxed elementor-section-height-default elementor-section-items-middle\" data-id=\"90218d0\" data-element_type=\"section\" data-e-type=\"section\" data-settings=\"{&quot;background_background&quot;:&quot;classic&quot;}\">\n\t\t\t\t\t\t<div class=\"elementor-container elementor-column-gap-default\">\n\t\t\t\t\t<div class=\"elementor-column elementor-col-100 elementor-top-column elementor-element elementor-element-a09939f\" data-id=\"a09939f\" data-element_type=\"column\" data-e-type=\"column\">\n\t\t\t<div class=\"elementor-widget-wrap elementor-element-populated\">\n\t\t\t\t\t\t<section data-particle_enable=\"false\" data-particle-mobile-disabled=\"false\" class=\"elementor-section elementor-inner-section elementor-element elementor-element-da2f87d elementor-section-full_width elementor-section-height-default elementor-section-height-default\" data-id=\"da2f87d\" data-element_type=\"section\" data-e-type=\"section\">\n\t\t\t\t\t\t<div class=\"elementor-container elementor-column-gap-default\">\n\t\t\t\t\t<div class=\"elementor-column elementor-col-100 elementor-inner-column elementor-element elementor-element-b761839\" data-id=\"b761839\" data-element_type=\"column\" data-e-type=\"column\">\n\t\t\t<div class=\"elementor-widget-wrap elementor-element-populated\">\n\t\t\t\t\t\t\t<\/div>\n\t\t<\/div>\n\t\t\t\t\t<\/div>\n\t\t<\/section>\n\t\t\t\t\t<\/div>\n\t\t<\/div>\n\t\t\t\t\t<\/div>\n\t\t<\/section>\n\t\t\t\t<section data-particle_enable=\"false\" data-particle-mobile-disabled=\"false\" class=\"elementor-section elementor-top-section elementor-element elementor-element-464a7568 elementor-section-boxed elementor-section-height-default elementor-section-height-default\" data-id=\"464a7568\" data-element_type=\"section\" data-e-type=\"section\">\n\t\t\t\t\t\t<div class=\"elementor-container elementor-column-gap-default\">\n\t\t\t\t\t<div class=\"elementor-column elementor-col-100 elementor-top-column elementor-element elementor-element-7de49db6\" data-id=\"7de49db6\" data-element_type=\"column\" data-e-type=\"column\">\n\t\t\t<div class=\"elementor-widget-wrap elementor-element-populated\">\n\t\t\t\t\t\t<div class=\"elementor-element elementor-element-2f290d46 elementor-widget elementor-widget-text-editor\" data-id=\"2f290d46\" data-element_type=\"widget\" data-e-type=\"widget\" data-widget_type=\"text-editor.default\">\n\t\t\t\t<div class=\"elementor-widget-container\">\n\t\t\t\t\t\t\t\t\t\n<p>A presente Pol\u00edtica de Privacidade pretende dar a conhecer a forma como a BLUE ZONE trata os seus dados e os seus direitos enquanto titular dos mesmos. Quaisquer dados que disponibiliza \u00e0 BLUE ZONE ser\u00e3o entendidos como obtidos, tratados e transmitidos em estrita observa\u00e7\u00e3o e em total conformidade com os requisitos estabelecidos pela legisla\u00e7\u00e3o em vigor. Respeitamos a sua privacidade em rela\u00e7\u00e3o a qualquer informa\u00e7\u00e3o fornecida. Abaixo encontrar\u00e1 os detalhes de como colectamos e tratamos os seus dados pessoais.<\/p>\n\t\t\t\t\t\t\t\t<\/div>\n\t\t\t\t<\/div>\n\t\t\t\t<div class=\"elementor-element elementor-element-ed22a3f elementor-widget elementor-widget-heading\" data-id=\"ed22a3f\" data-element_type=\"widget\" data-e-type=\"widget\" data-widget_type=\"heading.default\">\n\t\t\t\t<div class=\"elementor-widget-container\">\n\t\t\t\t\t<h5 class=\"elementor-heading-title elementor-size-default\">O que faremos com a sua informa\u00e7\u00e3o<\/h5>\t\t\t\t<\/div>\n\t\t\t\t<\/div>\n\t\t\t\t<div class=\"elementor-element elementor-element-fea9f5c elementor-widget elementor-widget-text-editor\" data-id=\"fea9f5c\" data-element_type=\"widget\" data-e-type=\"widget\" data-widget_type=\"text-editor.default\">\n\t\t\t\t<div class=\"elementor-widget-container\">\n\t\t\t\t\t\t\t\t\t\n<p><strong>&#8211;<\/strong> Solicitaremos as suas informa\u00e7\u00f5es pessoais apenas quando precisarmos delas para fornecer-lhe algum servi\u00e7o. Sempre com o seu conhecimento e consentimento. Os dados que colectamos no nosso website s\u00e3o os seguintes: nome, e-mail, telefone, morada e outras informa\u00e7\u00f5es que estejam no ficheiro do seu CV, caso tenha feito o upload do mesmo.<\/p>\n\n\n<p><strong>&#8211;<\/strong> Quando acede nosso website, tamb\u00e9m recebemos automaticamente o protocolo de <\/p>\n\n<p>internet do seu computador (endere\u00e7o de IP), a fim de obter informa\u00e7\u00f5es que nos ajudam <\/p>\n\n<p>a melhorar o nosso servi\u00e7o e manter a seguran\u00e7a do nosso website.<\/p>\n\n<p><strong>&#8211;<\/strong> O cadastro na nossa lista de Newsletter ser\u00e1 realizado apenas com a sua permiss\u00e3o. <\/p>\n\n<p>Nestes e-mails, poder\u00e1 receber not\u00edcias sobre os nossos servi\u00e7os, produtos e outras actualiza\u00e7\u00f5es.<\/p>\t\t\t\t\t\t\t\t<\/div>\n\t\t\t\t<\/div>\n\t\t\t\t<div class=\"elementor-element elementor-element-c55c43f elementor-widget elementor-widget-heading\" data-id=\"c55c43f\" data-element_type=\"widget\" data-e-type=\"widget\" data-widget_type=\"heading.default\">\n\t\t\t\t<div class=\"elementor-widget-container\">\n\t\t\t\t\t<h5 class=\"elementor-heading-title elementor-size-default\">Consentimento<\/h5>\t\t\t\t<\/div>\n\t\t\t\t<\/div>\n\t\t\t\t<div class=\"elementor-element elementor-element-867624d elementor-widget elementor-widget-text-editor\" data-id=\"867624d\" data-element_type=\"widget\" data-e-type=\"widget\" data-widget_type=\"text-editor.default\">\n\t\t\t\t<div class=\"elementor-widget-container\">\n\t\t\t\t\t\t\t\t\t\n<p>Quando fornece informa\u00e7\u00f5es pessoais como nome, telefone, e-mail e morada, para completar um cadastro ou preencher um formul\u00e1rio de contacto, assumimos que est\u00e1 de acordo que a BLUE ZONE recolha e utilize os seus dados para os fins como contacto e presta\u00e7\u00e3o de servi\u00e7os.<\/p>\n<p>Se solicitarmos as suas informa\u00e7\u00f5es pessoais por uma raz\u00e3o secund\u00e1ria, como marketing, vamos pedir o seu consentimento. Voc\u00ea \u00e9 livre para recusar a nossa solicita\u00e7\u00e3o de informa\u00e7\u00f5es pessoais. O uso cont\u00ednuo do nosso website ser\u00e1 considerado como aceita\u00e7\u00e3o das nossas pr\u00e1ticas em torno de privacidade e informa\u00e7\u00f5es pessoais. Se tiver alguma d\u00favida sobre como lidamos com dados do usu\u00e1rio e informa\u00e7\u00f5es pessoais ou simplesmente quiser remover os seus dados da nossa base, entre em contacto connosco atrav\u00e9s do email: info@bluezone.co.mz.<\/p>\n\t\t\t\t\t\t\t\t<\/div>\n\t\t\t\t<\/div>\n\t\t\t\t<div class=\"elementor-element elementor-element-a1e2142 elementor-widget elementor-widget-heading\" data-id=\"a1e2142\" data-element_type=\"widget\" data-e-type=\"widget\" data-widget_type=\"heading.default\">\n\t\t\t\t<div class=\"elementor-widget-container\">\n\t\t\t\t\t<h5 class=\"elementor-heading-title elementor-size-default\">Divulga\u00e7\u00e3o<\/h5>\t\t\t\t<\/div>\n\t\t\t\t<\/div>\n\t\t\t\t<div class=\"elementor-element elementor-element-1b4ab14 elementor-widget elementor-widget-text-editor\" data-id=\"1b4ab14\" data-element_type=\"widget\" data-e-type=\"widget\" data-widget_type=\"text-editor.default\">\n\t\t\t\t<div class=\"elementor-widget-container\">\n\t\t\t\t\t\t\t\t\tNunca partilharemos informa\u00e7\u00f5es pessoais publicamente, excepto quando exigido por lei.\t\t\t\t\t\t\t\t<\/div>\n\t\t\t\t<\/div>\n\t\t\t\t<div class=\"elementor-element elementor-element-a14b9b8 elementor-widget elementor-widget-heading\" data-id=\"a14b9b8\" data-element_type=\"widget\" data-e-type=\"widget\" data-widget_type=\"heading.default\">\n\t\t\t\t<div class=\"elementor-widget-container\">\n\t\t\t\t\t<h5 class=\"elementor-heading-title elementor-size-default\">Servi\u00e7os de terceiros<\/h5>\t\t\t\t<\/div>\n\t\t\t\t<\/div>\n\t\t\t\t<div class=\"elementor-element elementor-element-fc8b8e2 elementor-widget elementor-widget-text-editor\" data-id=\"fc8b8e2\" data-element_type=\"widget\" data-e-type=\"widget\" data-widget_type=\"text-editor.default\">\n\t\t\t\t<div class=\"elementor-widget-container\">\n\t\t\t\t\t\t\t\t\tPoder\u00e1 encontrar no nosso website algum hiperlink para website de terceiros. A BLUE ZONE n\u00e3o se responsabiliza pela Pol\u00edtica de Privacidade desses websites. Cabe a si verificar e aceitar a Pol\u00edtica de Privacidade de cada website em que for a partilhar os seus dados pessoais.\t\t\t\t\t\t\t\t<\/div>\n\t\t\t\t<\/div>\n\t\t\t\t<div class=\"elementor-element elementor-element-2cf6221 elementor-widget elementor-widget-heading\" data-id=\"2cf6221\" data-element_type=\"widget\" data-e-type=\"widget\" data-widget_type=\"heading.default\">\n\t\t\t\t<div class=\"elementor-widget-container\">\n\t\t\t\t\t<h5 class=\"elementor-heading-title elementor-size-default\">Seguran\u00e7a<\/h5>\t\t\t\t<\/div>\n\t\t\t\t<\/div>\n\t\t\t\t<div class=\"elementor-element elementor-element-b04e127 elementor-widget elementor-widget-text-editor\" data-id=\"b04e127\" data-element_type=\"widget\" data-e-type=\"widget\" data-widget_type=\"text-editor.default\">\n\t\t\t\t<div class=\"elementor-widget-container\">\n\t\t\t\t\t\t\t\t\tPara proteger as suas informa\u00e7\u00f5es pessoais, tomamos precau\u00e7\u00f5es razo\u00e1veis e seguimos as melhores pr\u00e1ticas da ind\u00fastria. Quando armazenamos dados, os protegemos dentro de meios comercialmente aceit\u00e1veis para evitar perdas e roubos, bem como acesso, divulga\u00e7\u00e3o, c\u00f3pia, uso ou modifica\u00e7\u00e3o n\u00e3o autorizados.\t\t\t\t\t\t\t\t<\/div>\n\t\t\t\t<\/div>\n\t\t\t\t<div class=\"elementor-element elementor-element-d910e04 elementor-widget elementor-widget-heading\" data-id=\"d910e04\" data-element_type=\"widget\" data-e-type=\"widget\" data-widget_type=\"heading.default\">\n\t\t\t\t<div class=\"elementor-widget-container\">\n\t\t\t\t\t<h5 class=\"elementor-heading-title elementor-size-default\">Os seus direitos<\/h5>\t\t\t\t<\/div>\n\t\t\t\t<\/div>\n\t\t\t\t<div class=\"elementor-element elementor-element-773e3b0 elementor-widget elementor-widget-text-editor\" data-id=\"773e3b0\" data-element_type=\"widget\" data-e-type=\"widget\" data-widget_type=\"text-editor.default\">\n\t\t\t\t<div class=\"elementor-widget-container\">\n\t\t\t\t\t\t\t\t\t<p>Como titular dos dados, poder\u00e1 exercer os seguintes direitos, nos limites legalmente estabelecidos:<\/p>\n<ul>\n<li>Acesso aos dados pessoais (ao submeter um pedido de acesso, ser-lhe-\u00e1 fornecido o acesso e pormenores sobre os dados pessoais tratados pela BLUE ZONE).<\/li>\n<li>Retifica\u00e7\u00e3o de dados pessoais (caso os seus dados pessoais estejam incompletos ou incorrectos, poder\u00e1 solicitar a correc\u00e7\u00e3o dos mesmos). Direito a ser esquecido (ao exercer o seu direito a ser esquecido, a BLUE ZONE ir\u00e1, se aplic\u00e1vel, apagar os seus dados pessoais).<\/li>\n<li>Portabilidade de dados pessoais (ao solicitar a portabilidade dos seus dados pessoais, ir\u00e1 receber, num formato de leitura autom\u00e1tica, os dados pessoais que facultou e que s\u00e3o tratados com base no seu consentimento).<\/li>\n<li>Oposi\u00e7\u00e3o ao tratamento de dados pessoais (por motivos relacionados com a sua situa\u00e7\u00e3o particular, tem o direito de se opor ao tratamento dos seus dados pessoais pela BLUE ZONE efectuado com base em interesse leg\u00edtimo ou relativamente ao marketing direto).<\/li>\n<li>Revoga\u00e7\u00e3o do consentimento para o tratamento (caso revogue o seu consentimento, a BLUE ZONE ir\u00e1 remover o seu consentimento da actividade que especifique).<\/li>\n<\/ul>\n<p><br>O exerc\u00edcio destes direitos depende de solicita\u00e7\u00e3o escrita (com inclus\u00e3o de uma c\u00f3pia de um documento comprovativo da identidade do cliente e men\u00e7\u00e3o do direito ou direitos que deseja exercer), a remeter para o e-mail info@bluezone.co.mz. Depois de remetida a solicita\u00e7\u00e3o com as informa\u00e7\u00f5es necess\u00e1rias, a BLUE ZONE responder\u00e1 num prazo de at\u00e9 3 (tr\u00eas) meses, tendo em conta a complexidade de cada solicita\u00e7\u00e3o.<\/p>\t\t\t\t\t\t\t\t<\/div>\n\t\t\t\t<\/div>\n\t\t\t\t<div class=\"elementor-element elementor-element-7ac41d7 elementor-widget elementor-widget-heading\" data-id=\"7ac41d7\" data-element_type=\"widget\" data-e-type=\"widget\" data-widget_type=\"heading.default\">\n\t\t\t\t<div class=\"elementor-widget-container\">\n\t\t\t\t\t<h5 class=\"elementor-heading-title elementor-size-default\">Altera\u00e7\u00f5es para essa pol\u00edtica de privacidade<\/h5>\t\t\t\t<\/div>\n\t\t\t\t<\/div>\n\t\t\t\t<div class=\"elementor-element elementor-element-6661e5d elementor-widget elementor-widget-text-editor\" data-id=\"6661e5d\" data-element_type=\"widget\" data-e-type=\"widget\" data-widget_type=\"text-editor.default\">\n\t\t\t\t<div class=\"elementor-widget-container\">\n\t\t\t\t\t\t\t\t\tA BLUE ZONE reserva-se o direito de, a qualquer momento, proceder modifica\u00e7\u00f5es ou actualiza\u00e7\u00f5es \u00e0 presente Pol\u00edtica de Privacidade, sendo essas altera\u00e7\u00f5es devidamente actualizadas nas nossas plataformas e no website. Verifique com regularidade para consultar quaisquer actualiza\u00e7\u00f5es ou altera\u00e7\u00f5es \u00e0 presente pol\u00edtica.\t\t\t\t\t\t\t\t<\/div>\n\t\t\t\t<\/div>\n\t\t\t\t\t<\/div>\n\t\t<\/div>\n\t\t\t\t\t<\/div>\n\t\t<\/section>\n\t\t\t\t<\/div>\n\t\t","protected":false},"excerpt":{"rendered":"<p>A presente Pol\u00edtica de Privacidade pretende dar a conhecer a forma como a BLUE ZONE trata os seus dados e os seus direitos enquanto titular dos mesmos. Quaisquer dados que disponibiliza \u00e0 BLUE ZONE ser\u00e3o entendidos como obtidos, tratados e transmitidos em estrita observa\u00e7\u00e3o e em total conformidade com os requisitos estabelecidos pela legisla\u00e7\u00e3o em [&hellip;]<\/p>\n","protected":false},"author":2,"featured_media":905,"parent":0,"menu_order":0,"comment_status":"closed","ping_status":"closed","template":"elementor_header_footer","meta":{"footnotes":""},"class_list":["post-2138","page","type-page","status-publish","has-post-thumbnail","hentry"],"_links":{"self":[{"href":"https:\/\/bluezone.co.mz\/en\/wp-json\/wp\/v2\/pages\/2138","targetHints":{"allow":["GET"]}}],"collection":[{"href":"https:\/\/bluezone.co.mz\/en\/wp-json\/wp\/v2\/pages"}],"about":[{"href":"https:\/\/bluezone.co.mz\/en\/wp-json\/wp\/v2\/types\/page"}],"author":[{"embeddable":true,"href":"https:\/\/bluezone.co.mz\/en\/wp-json\/wp\/v2\/users\/2"}],"replies":[{"embeddable":true,"href":"https:\/\/bluezone.co.mz\/en\/wp-json\/wp\/v2\/comments?post=2138"}],"version-history":[{"count":1,"href":"https:\/\/bluezone.co.mz\/en\/wp-json\/wp\/v2\/pages\/2138\/revisions"}],"predecessor-version":[{"id":2139,"href":"https:\/\/bluezone.co.mz\/en\/wp-json\/wp\/v2\/pages\/2138\/revisions\/2139"}],"wp:featuredmedia":[{"embeddable":true,"href":"https:\/\/bluezone.co.mz\/en\/wp-json\/wp\/v2\/media\/905"}],"wp:attachment":[{"href":"https:\/\/bluezone.co.mz\/en\/wp-json\/wp\/v2\/media?parent=2138"}],"curies":[{"name":"wp","href":"https:\/\/api.w.org\/{rel}","templated":true}]}}